{"id":489,"date":"2018-01-25T13:01:15","date_gmt":"2018-01-25T12:01:15","guid":{"rendered":"http:\/\/www.sara-berger.com\/?page_id=489"},"modified":"2024-06-16T14:31:01","modified_gmt":"2024-06-16T12:31:01","slug":"immpressum","status":"publish","type":"page","link":"https:\/\/www.sara-berger.com\/?page_id=489","title":{"rendered":"Impressum"},"content":{"rendered":"<p><img fetchpriority=\"high\" decoding=\"async\" class=\"wp-image-508 alignleft\" src=\"http:\/\/www.sara-berger.com\/wp-content\/uploads\/2018\/01\/Atelier-Hauptstra.sse-Kaltenleutgeben-236x300.jpg\" alt=\"\" width=\"226\" height=\"288\" srcset=\"https:\/\/www.sara-berger.com\/wp-content\/uploads\/2018\/01\/Atelier-Hauptstra.sse-Kaltenleutgeben-236x300.jpg 236w, https:\/\/www.sara-berger.com\/wp-content\/uploads\/2018\/01\/Atelier-Hauptstra.sse-Kaltenleutgeben.jpg 628w\" sizes=\"(max-width: 226px) 100vw, 226px\" \/><\/p>\n<div class=\"tim\">\n<h2 style=\"text-align: left;\">Sara Berger<\/h2>\n<h3 style=\"text-align: left;\">Dankwartgasse 1<br \/>\n1150 Wien<\/h3>\n<h3 style=\"text-align: left;\">Tel.: +43 69912364421<\/h3>\n<h3 style=\"text-align: left;\">E-Mail:\u00a0office@sara-berger.com<\/h3>\n<h3 style=\"text-align: left;\">Webmaster<\/h3>\n<h3 style=\"text-align: left;\"><\/h3>\n<h6><em>Informationspflicht laut \u00a75 E-Commerce Gesetz, \u00a714 Unternehmensgesetzbuch, \u00a763 Gewerbeordnung und Offenlegungspflicht laut \u00a725 Mediengesetz<\/em><\/h6>\n<h6><\/h6>\n<h6><em>Copyright<\/em>, by Sara Berger : S\u00e4mtliche Inhalte, Fotos,\u00a0<em>Texte\u00a0<\/em>und Graphiken sind urheberrechtlich gesch\u00fctzt. Sie d\u00fcrfen ohne vorherige schriftliche Genehmigung weder ganz noch auszugsweise kopiert, ver\u00e4ndert, vervielf\u00e4ltigt oder ver\u00f6ffentlicht werden. \u00a9 Sara Berger<\/h6>\n<p><em>Quelle der Fotos:\u00a0 P. Poszvek<\/em><\/p>\n<\/div>\n","protected":false},"excerpt":{"rendered":"<p>Sara Berger Dankwartgasse 1 1150 Wien Tel.: +43 69912364421 E-Mail:\u00a0office@sara-berger.com Webmaster Informationspflicht laut \u00a75 E-Commerce Gesetz, \u00a714 Unternehmensgesetzbuch, \u00a763 Gewerbeordnung und Offenlegungspflicht laut \u00a725 Mediengesetz Copyright, by Sara Berger : S\u00e4mtliche Inhalte, Fotos,\u00a0Texte\u00a0und Graphiken sind urheberrechtlich gesch\u00fctzt. Sie d\u00fcrfen ohne vorherige schriftliche Genehmigung weder ganz noch auszugsweise kopiert, ver\u00e4ndert, vervielf\u00e4ltigt oder ver\u00f6ffentlicht werden. \u00a9 Sara &hellip; <a href=\"https:\/\/www.sara-berger.com\/?page_id=489\" class=\"more-link\"><span class=\"screen-reader-text\">Impressum<\/span> weiterlesen <span class=\"meta-nav\">&rarr;<\/span><\/a><\/p>\n","protected":false},"author":1,"featured_media":0,"parent":0,"menu_order":0,"comment_status":"closed","ping_status":"closed","template":"","meta":{"footnotes":""},"class_list":["post-489","page","type-page","status-publish","hentry"],"_links":{"self":[{"href":"https:\/\/www.sara-berger.com\/index.php?rest_route=\/wp\/v2\/pages\/489","targetHints":{"allow":["GET"]}}],"collection":[{"href":"https:\/\/www.sara-berger.com\/index.php?rest_route=\/wp\/v2\/pages"}],"about":[{"href":"https:\/\/www.sara-berger.com\/index.php?rest_route=\/wp\/v2\/types\/page"}],"author":[{"embeddable":true,"href":"https:\/\/www.sara-berger.com\/index.php?rest_route=\/wp\/v2\/users\/1"}],"replies":[{"embeddable":true,"href":"https:\/\/www.sara-berger.com\/index.php?rest_route=%2Fwp%2Fv2%2Fcomments&post=489"}],"version-history":[{"count":18,"href":"https:\/\/www.sara-berger.com\/index.php?rest_route=\/wp\/v2\/pages\/489\/revisions"}],"predecessor-version":[{"id":913,"href":"https:\/\/www.sara-berger.com\/index.php?rest_route=\/wp\/v2\/pages\/489\/revisions\/913"}],"wp:attachment":[{"href":"https:\/\/www.sara-berger.com\/index.php?rest_route=%2Fwp%2Fv2%2Fmedia&parent=489"}],"curies":[{"name":"wp","href":"https:\/\/api.w.org\/{rel}","templated":true}]}}