{"id":18,"date":"2018-01-21T17:21:41","date_gmt":"2018-01-21T16:21:41","guid":{"rendered":"http:\/\/web10.s2.austroplace.at\/wp-sara\/?page_id=18"},"modified":"2018-03-07T16:42:49","modified_gmt":"2018-03-07T15:42:49","slug":"ausstellungen","status":"publish","type":"page","link":"https:\/\/www.sara-berger.com\/?page_id=18","title":{"rendered":"Ausstellungen"},"content":{"rendered":"\t\t<div data-elementor-type=\"wp-post\" data-elementor-id=\"18\" class=\"elementor elementor-18 elementor-bc-flex-widget\">\n\t\t\t\t\t\t<section class=\"elementor-section elementor-top-section elementor-element elementor-element-5096022e elementor-section-boxed elementor-section-height-default elementor-section-height-default\" data-id=\"5096022e\" data-element_type=\"section\" data-e-type=\"section\">\n\t\t\t\t\t\t<div class=\"elementor-container elementor-column-gap-default\">\n\t\t\t\t\t<div class=\"elementor-column elementor-col-100 elementor-top-column elementor-element elementor-element-5ca80a6e\" data-id=\"5ca80a6e\" data-element_type=\"column\" data-e-type=\"column\">\n\t\t\t<div class=\"elementor-widget-wrap elementor-element-populated\">\n\t\t\t\t\t\t<div class=\"elementor-element elementor-element-47962682 elementor-widget elementor-widget-text-editor\" data-id=\"47962682\" data-element_type=\"widget\" data-e-type=\"widget\" data-widget_type=\"text-editor.default\">\n\t\t\t\t<div class=\"elementor-widget-container\">\n\t\t\t\t\t\t\t\t\t<div class=\"taus\">2008,\u00a0<strong>Eine Retrospektive von 1980-2008<\/strong>, Galerie Time, Wien<br \/> 2008, Bluesfarben, Theater am Steg, Baden bei Wien, N\u00d6<br \/> 2007, \u201cBlack Room\u201d \u2013 Galerie Time, Wien<br \/> 2004, Kaltenleutgebner Fr\u00fchling, Maurer Rathaus, Wien<br \/> 2003, Burg Perchtoldsdorf, N\u00d6<br \/> 2003, Modecenter, Wien<br \/> 2002, Professorenvilla Kaltenleutgeben, N\u00d6<br \/> 1999, \u201cIm Bild\u201d, Professorenvilla, Kaltenleutgeben, N\u00d6<br \/> 1995, Ein-mal-ig, Wien<br \/> 1994, Casino Baden, N\u00d6<br \/> 1993, Ad Art Galerie, Wien<br \/> 1985, Atelier Capo Verde, Rom<br \/> 1984, Galeria Via Nuova, Rom<br \/> 1983, Galeria Pictra, Venedig<br \/> 1982, Galeria d\u2019Arte Moderna, Venedig<br \/> 1981, Galeria Pictra, Padova<br \/> 1980, Bilder \u00fcber die Freuden zwischenmenschlicher Beziehungen, Galerie Hartmann, Wien<br \/> 1980, Galerie Kontakt, Wien<\/div><div>\u00a0<\/div><div class=\"taus\"><p><u>Grafiken und Illustrationen:<\/u><br \/> 1980, Umschlagentwurf und Illustration des Buches \u201cIronische Zettel\u201d von Joe Berger, erschienen 1980 im Weilburg Verlag, Baden<br \/> Von diesem Buch gab es eine numerierte Sonderausgabe von 50 St\u00fcck, gebunden auf B\u00fcttenpapier, wof\u00fcr Sara Berger 50 Originalzeichnungen schuf, die beigelegt wurden.<br \/> In Folge wurden Zeichnungen in verschiedenen Literaturzeitungen ver\u00f6ffentlicht: u.a. \u201cProtokolle\u201d, \u201cFreibord\u201d, \u201cFrischfleisch\u201d und \u201cL\u00f6wenmaul\u201d.<br \/>2009 Zeichnungen f\u00fcr das Buch &#8220;HIRNH\u00c4USL&#8221; von Joe Berger Ritter Verlag ISBN: 978-3-85415-443-3<br \/>2012 Zeichnungen f\u00fcr das &#8220;VON BESTSELLERN UND RIESENGRO\u00dfEN BR\u00dcSTEN&#8221; Ritter Verlag: ISBN: 978-3-85415-480-8<\/p><p><u>Projekte:<\/u><br \/> 2003, \u201cImpulsierung stillgelegter Fabriken\u201d \u2013 ein Klangprojekt mit Ives Wendt<br \/> 2007-2008, \u201cSpurensuche\u201d, Videokunstprojekt, Film auf HDTV.<\/p><p><u>Aktionen:<br \/><\/u>2013, Acril auf Leinwand Verkauf der Bilder \u00fcber einen Kunsth\u00e4ndler in Graz<u><br \/><\/u> 1994, \u201cEine Gasse f\u00fcr die Kunst\u201d Am Spittelberg in Wien.<br \/> Von dieser Aktion werden im Raum E05 Galerie Time, 9.9. \u2013 20.9.08 von Sebastian David Lehner Fotos pr\u00e4sentiert. Eigene Texte:<br \/> Ver\u00f6ffentlichungen in diversen Literaturzeitschriften, u.a. \u201cFreibord\u201d, \u201cProtokolle\u201d, \u201cFrischfleisch und L\u00f6wenmaul\u201d uva.<\/p><p><u>Letzte Lesungen eigener Texte:<\/u><br \/> 2007, \u201cBlack Room\u201d Galerie Time, 1. Wollzeile, Wien \u2013 mit Ernst K\u00f6lz, Georg Biron, Wolfram Berger<br \/> 2008, \u201cJahrhundertbeisl\u201d, 8. Florianigasse, Wien \u2013 Lesung mit Wolfram Berger und Georg Biron.<br \/> weitere Lesungen gemeinsam mit Jazz- und Bluesmusik in Planung<br \/> 18. April 1997 Zwielicht und D\u00fcster<\/p><p><u>Weiteres:<\/u><br \/> 1992 Anerkennung durch die Akademie der Bildenden K\u00fcnste und des Bundesministeriums f\u00fcr Unterricht und Kunst.<\/p><h1><strong>Einladungen<\/strong><\/h1><\/div><style type=\"text\/css\">\n#foogallery-gallery-68.fg-simple_portfolio { justify-content: center; --fg-gutter: 40px; }\n#foogallery-gallery-68.fg-simple_portfolio .fg-item { flex-basis: 250px; }<\/style>\n\t\t\t<div class=\"foogallery foogallery-container foogallery-simple_portfolio foogallery-lightbox-foobox fg-simple_portfolio fg-ready fg-light fg-border-thin fg-shadow-outline fg-loading-partial fg-loaded-fade-in fg-hover-scale fg-caption-always fg-hover-fade fg-caption-always\" id=\"foogallery-gallery-68\" data-foogallery=\"{&quot;item&quot;:{&quot;showCaptionTitle&quot;:true,&quot;showCaptionDescription&quot;:true},&quot;lazy&quot;:true}\" style=\"--fg-title-line-clamp: 0; --fg-description-line-clamp: 0;\" >\n\t<div class=\"fg-item fg-type-image fg-idle\"><figure class=\"fg-item-inner\"><a href=\"https:\/\/www.sara-berger.com\/wp-content\/uploads\/2018\/01\/Einladung-4.png\" data-attachment-id=\"69\" class=\"foogallery-thumb fg-thumb\" data-type=\"image\"><span class=\"fg-image-wrap\"><img fetchpriority=\"high\" decoding=\"async\" class=\"bf-img skip-lazy fg-image\" height=\"200\" width=\"250\" data-src-fg=\"https:\/\/www.sara-berger.com\/wp-content\/uploads\/cache\/2018\/01\/Einladung-4\/511052231.png\" src=\"data:image\/svg+xml,%3Csvg%20xmlns%3D%22http%3A%2F%2Fwww.w3.org%2F2000%2Fsvg%22%20width%3D%22250%22%20height%3D%22200%22%20viewBox%3D%220%200%20250%20200%22%3E%3C%2Fsvg%3E\" loading=\"eager\"><\/span><span class=\"fg-image-overlay\"><\/span><\/a><\/figure><div class=\"fg-loader\"><\/div><\/div><div class=\"fg-item fg-type-image fg-idle\"><figure class=\"fg-item-inner\"><a href=\"https:\/\/www.sara-berger.com\/wp-content\/uploads\/2018\/01\/Einladung-5.png\" data-attachment-id=\"70\" class=\"foogallery-thumb fg-thumb\" data-type=\"image\"><span class=\"fg-image-wrap\"><img decoding=\"async\" class=\"bf-img skip-lazy fg-image\" height=\"200\" width=\"250\" data-src-fg=\"https:\/\/www.sara-berger.com\/wp-content\/uploads\/cache\/2018\/01\/Einladung-5\/3370866122.png\" src=\"data:image\/svg+xml,%3Csvg%20xmlns%3D%22http%3A%2F%2Fwww.w3.org%2F2000%2Fsvg%22%20width%3D%22250%22%20height%3D%22200%22%20viewBox%3D%220%200%20250%20200%22%3E%3C%2Fsvg%3E\" loading=\"eager\"><\/span><span class=\"fg-image-overlay\"><\/span><\/a><\/figure><div class=\"fg-loader\"><\/div><\/div><div class=\"fg-item fg-type-image fg-idle\"><figure class=\"fg-item-inner\"><a href=\"https:\/\/www.sara-berger.com\/wp-content\/uploads\/2018\/01\/Einladung-6.png\" data-attachment-id=\"71\" class=\"foogallery-thumb fg-thumb\" data-type=\"image\"><span class=\"fg-image-wrap\"><img decoding=\"async\" class=\"bf-img skip-lazy fg-image\" height=\"200\" width=\"250\" data-src-fg=\"https:\/\/www.sara-berger.com\/wp-content\/uploads\/cache\/2018\/01\/Einladung-6\/25442144.png\" src=\"data:image\/svg+xml,%3Csvg%20xmlns%3D%22http%3A%2F%2Fwww.w3.org%2F2000%2Fsvg%22%20width%3D%22250%22%20height%3D%22200%22%20viewBox%3D%220%200%20250%20200%22%3E%3C%2Fsvg%3E\" loading=\"eager\"><\/span><span class=\"fg-image-overlay\"><\/span><\/a><\/figure><div class=\"fg-loader\"><\/div><\/div><div class=\"fg-item fg-type-image fg-idle\"><figure class=\"fg-item-inner\"><a href=\"https:\/\/www.sara-berger.com\/wp-content\/uploads\/2018\/01\/Einladung-7.png\" data-attachment-id=\"72\" class=\"foogallery-thumb fg-thumb\" data-type=\"image\"><span class=\"fg-image-wrap\"><img decoding=\"async\" class=\"bf-img skip-lazy fg-image\" height=\"200\" width=\"250\" data-src-fg=\"https:\/\/www.sara-berger.com\/wp-content\/uploads\/cache\/2018\/01\/Einladung-7\/84842533.png\" src=\"data:image\/svg+xml,%3Csvg%20xmlns%3D%22http%3A%2F%2Fwww.w3.org%2F2000%2Fsvg%22%20width%3D%22250%22%20height%3D%22200%22%20viewBox%3D%220%200%20250%20200%22%3E%3C%2Fsvg%3E\" loading=\"eager\"><\/span><span class=\"fg-image-overlay\"><\/span><\/a><\/figure><div class=\"fg-loader\"><\/div><\/div><div class=\"fg-item fg-type-image fg-idle\"><figure class=\"fg-item-inner\"><a href=\"https:\/\/www.sara-berger.com\/wp-content\/uploads\/2018\/01\/Unbenannt.png\" data-attachment-id=\"73\" class=\"foogallery-thumb fg-thumb\" data-type=\"image\"><span class=\"fg-image-wrap\"><img decoding=\"async\" class=\"bf-img skip-lazy fg-image\" height=\"200\" width=\"250\" data-src-fg=\"https:\/\/www.sara-berger.com\/wp-content\/uploads\/cache\/2018\/01\/Unbenannt\/4012876892.png\" src=\"data:image\/svg+xml,%3Csvg%20xmlns%3D%22http%3A%2F%2Fwww.w3.org%2F2000%2Fsvg%22%20width%3D%22250%22%20height%3D%22200%22%20viewBox%3D%220%200%20250%20200%22%3E%3C%2Fsvg%3E\" loading=\"eager\"><\/span><span class=\"fg-image-overlay\"><\/span><\/a><\/figure><div class=\"fg-loader\"><\/div><\/div><div class=\"fg-item fg-type-image fg-idle\"><figure class=\"fg-item-inner\"><a href=\"https:\/\/www.sara-berger.com\/wp-content\/uploads\/2018\/01\/Einladung-2.png\" data-attachment-id=\"74\" class=\"foogallery-thumb fg-thumb\" data-type=\"image\"><span class=\"fg-image-wrap\"><img decoding=\"async\" class=\"bf-img skip-lazy fg-image\" height=\"200\" width=\"250\" data-src-fg=\"https:\/\/www.sara-berger.com\/wp-content\/uploads\/cache\/2018\/01\/Einladung-2\/115265462.png\" src=\"data:image\/svg+xml,%3Csvg%20xmlns%3D%22http%3A%2F%2Fwww.w3.org%2F2000%2Fsvg%22%20width%3D%22250%22%20height%3D%22200%22%20viewBox%3D%220%200%20250%20200%22%3E%3C%2Fsvg%3E\" loading=\"eager\"><\/span><span class=\"fg-image-overlay\"><\/span><\/a><\/figure><div class=\"fg-loader\"><\/div><\/div><div class=\"fg-item fg-type-image fg-idle\"><figure class=\"fg-item-inner\"><a href=\"https:\/\/www.sara-berger.com\/wp-content\/uploads\/2018\/01\/Einladung-3.png\" data-attachment-id=\"75\" class=\"foogallery-thumb fg-thumb\" data-type=\"image\"><span class=\"fg-image-wrap\"><img decoding=\"async\" class=\"bf-img skip-lazy fg-image\" height=\"200\" width=\"250\" data-src-fg=\"https:\/\/www.sara-berger.com\/wp-content\/uploads\/cache\/2018\/01\/Einladung-3\/2375330401.png\" src=\"data:image\/svg+xml,%3Csvg%20xmlns%3D%22http%3A%2F%2Fwww.w3.org%2F2000%2Fsvg%22%20width%3D%22250%22%20height%3D%22200%22%20viewBox%3D%220%200%20250%20200%22%3E%3C%2Fsvg%3E\" loading=\"eager\"><\/span><span class=\"fg-image-overlay\"><\/span><\/a><\/figure><div class=\"fg-loader\"><\/div><\/div><\/div><p>\u00a0<\/p><h1>Einblicke<\/h1><style type=\"text\/css\">\n#foogallery-gallery-735 .fg-image { width: 150px; }\n#foogallery-gallery-735 { --fg-gutter: 25px; }<\/style>\n\t\t\t<div class=\"foogallery foogallery-container foogallery-default foogallery-lightbox-foobox fg-center fg-default fg-ready fg-light fg-border-thin fg-shadow-outline fg-loading-partial fg-loaded-fade-in fg-hover-scale fg-caption-hover fg-hover-fade\" id=\"foogallery-gallery-735\" data-foogallery=\"{&quot;item&quot;:{&quot;showCaptionTitle&quot;:true,&quot;showCaptionDescription&quot;:false},&quot;lazy&quot;:true}\" style=\"--fg-title-line-clamp: 0; --fg-description-line-clamp: 0;\" >\n\t<div class=\"fg-item fg-type-image fg-idle\"><figure class=\"fg-item-inner\"><a href=\"https:\/\/www.sara-berger.com\/wp-content\/uploads\/2018\/03\/1994-Nicht-allein.jpg\" data-caption-title=\"1994, Nicht allein\" data-attachment-id=\"737\" data-type=\"image\" class=\"fg-thumb\"><span class=\"fg-image-wrap\"><img decoding=\"async\" width=\"150\" height=\"150\" class=\"skip-lazy fg-image\" data-src-fg=\"https:\/\/www.sara-berger.com\/wp-content\/uploads\/cache\/2018\/03\/1994-Nicht-allein\/3301992648.jpg\" src=\"data:image\/svg+xml,%3Csvg%20xmlns%3D%22http%3A%2F%2Fwww.w3.org%2F2000%2Fsvg%22%20width%3D%22150%22%20height%3D%22150%22%20viewBox%3D%220%200%20150%20150%22%3E%3C%2Fsvg%3E\" loading=\"eager\"><\/span><span class=\"fg-image-overlay\"><\/span><\/a><figcaption class=\"fg-caption\"><div class=\"fg-caption-inner\"><div class=\"fg-caption-title\">1994, Nicht allein<\/div><\/div><\/figcaption><\/figure><div class=\"fg-loader\"><\/div><\/div><div class=\"fg-item fg-type-image fg-idle\"><figure class=\"fg-item-inner\"><a href=\"https:\/\/www.sara-berger.com\/wp-content\/uploads\/2018\/03\/2008.02.11-Berger-malt-den-Blues-des-Lebens.jpg\" data-caption-title=\"2008.02.11, Berger malt den Blues des Lebens\" data-attachment-id=\"738\" data-type=\"image\" class=\"fg-thumb\"><span class=\"fg-image-wrap\"><img decoding=\"async\" width=\"150\" height=\"150\" class=\"skip-lazy fg-image\" data-src-fg=\"https:\/\/www.sara-berger.com\/wp-content\/uploads\/cache\/2018\/03\/2008_02_11-Berger-malt-den-Blues-des-Lebens\/3919512912.jpg\" src=\"data:image\/svg+xml,%3Csvg%20xmlns%3D%22http%3A%2F%2Fwww.w3.org%2F2000%2Fsvg%22%20width%3D%22150%22%20height%3D%22150%22%20viewBox%3D%220%200%20150%20150%22%3E%3C%2Fsvg%3E\" loading=\"eager\"><\/span><span class=\"fg-image-overlay\"><\/span><\/a><figcaption class=\"fg-caption\"><div class=\"fg-caption-inner\"><div class=\"fg-caption-title\">2008.02.11, Berger malt den Blues des Lebens<\/div><\/div><\/figcaption><\/figure><div class=\"fg-loader\"><\/div><\/div><div class=\"fg-item fg-type-image fg-idle\"><figure class=\"fg-item-inner\"><a href=\"https:\/\/www.sara-berger.com\/wp-content\/uploads\/2018\/03\/1980-Heinz-R.-Unger-Tiefschl.ae_.ge-gegen-Lull-Art.jpg\" data-caption-title=\"1980, Heinz R. Unger, Tiefschl.ae.ge gegen Lull-Art\" data-attachment-id=\"739\" data-type=\"image\" class=\"fg-thumb\"><span class=\"fg-image-wrap\"><img decoding=\"async\" width=\"150\" height=\"150\" class=\"skip-lazy fg-image\" data-src-fg=\"https:\/\/www.sara-berger.com\/wp-content\/uploads\/cache\/2018\/03\/1980-Heinz-R_-Unger-Tiefschl_ae__ge-gegen-Lull-Art\/3803987142.jpg\" src=\"data:image\/svg+xml,%3Csvg%20xmlns%3D%22http%3A%2F%2Fwww.w3.org%2F2000%2Fsvg%22%20width%3D%22150%22%20height%3D%22150%22%20viewBox%3D%220%200%20150%20150%22%3E%3C%2Fsvg%3E\" loading=\"eager\"><\/span><span class=\"fg-image-overlay\"><\/span><\/a><figcaption class=\"fg-caption\"><div class=\"fg-caption-inner\"><div class=\"fg-caption-title\">1980, Heinz R. Unger, Tiefschl.ae.ge gegen Lull-Art<\/div><\/div><\/figcaption><\/figure><div class=\"fg-loader\"><\/div><\/div><div class=\"fg-item fg-type-image fg-idle\"><figure class=\"fg-item-inner\"><a href=\"https:\/\/www.sara-berger.com\/wp-content\/uploads\/2018\/03\/1984-Karate.jpg\" data-caption-title=\"1984, Karate\" data-attachment-id=\"740\" data-type=\"image\" class=\"fg-thumb\"><span class=\"fg-image-wrap\"><img decoding=\"async\" width=\"150\" height=\"150\" class=\"skip-lazy fg-image\" data-src-fg=\"https:\/\/www.sara-berger.com\/wp-content\/uploads\/cache\/2018\/03\/1984-Karate\/800766763.jpg\" src=\"data:image\/svg+xml,%3Csvg%20xmlns%3D%22http%3A%2F%2Fwww.w3.org%2F2000%2Fsvg%22%20width%3D%22150%22%20height%3D%22150%22%20viewBox%3D%220%200%20150%20150%22%3E%3C%2Fsvg%3E\" loading=\"eager\"><\/span><span class=\"fg-image-overlay\"><\/span><\/a><figcaption class=\"fg-caption\"><div class=\"fg-caption-inner\"><div class=\"fg-caption-title\">1984, Karate<\/div><\/div><\/figcaption><\/figure><div class=\"fg-loader\"><\/div><\/div><div class=\"fg-item fg-type-image fg-idle\"><figure class=\"fg-item-inner\"><a href=\"https:\/\/www.sara-berger.com\/wp-content\/uploads\/2018\/03\/1994-Dick-ist-Schick.jpg\" data-caption-title=\"1994, Dick ist Schick\" data-attachment-id=\"736\" data-type=\"image\" class=\"fg-thumb\"><span class=\"fg-image-wrap\"><img decoding=\"async\" width=\"150\" height=\"150\" class=\"skip-lazy fg-image\" data-src-fg=\"https:\/\/www.sara-berger.com\/wp-content\/uploads\/cache\/2018\/03\/1994-Dick-ist-Schick\/1680812618.jpg\" src=\"data:image\/svg+xml,%3Csvg%20xmlns%3D%22http%3A%2F%2Fwww.w3.org%2F2000%2Fsvg%22%20width%3D%22150%22%20height%3D%22150%22%20viewBox%3D%220%200%20150%20150%22%3E%3C%2Fsvg%3E\" loading=\"eager\"><\/span><span class=\"fg-image-overlay\"><\/span><\/a><figcaption class=\"fg-caption\"><div class=\"fg-caption-inner\"><div class=\"fg-caption-title\">1994, Dick ist Schick<\/div><\/div><\/figcaption><\/figure><div class=\"fg-loader\"><\/div><\/div><\/div>\n\t\t\t\t\t\t\t\t<\/div>\n\t\t\t\t<\/div>\n\t\t\t\t\t<\/div>\n\t\t<\/div>\n\t\t\t\t\t<\/div>\n\t\t<\/section>\n\t\t\t\t<\/div>\n\t\t","protected":false},"excerpt":{"rendered":"<p>2008,\u00a0Eine Retrospektive von 1980-2008, Galerie Time, Wien 2008, Bluesfarben, Theater am Steg, Baden bei Wien, N\u00d6 2007, \u201cBlack Room\u201d \u2013 Galerie Time, Wien 2004, Kaltenleutgebner Fr\u00fchling, Maurer Rathaus, Wien 2003, Burg Perchtoldsdorf, N\u00d6 2003, Modecenter, Wien 2002, Professorenvilla Kaltenleutgeben, N\u00d6 1999, \u201cIm Bild\u201d, Professorenvilla, Kaltenleutgeben, N\u00d6 1995, Ein-mal-ig, Wien 1994, Casino Baden, N\u00d6 1993, Ad &hellip; <a href=\"https:\/\/www.sara-berger.com\/?page_id=18\" class=\"more-link\"><span class=\"screen-reader-text\">Ausstellungen<\/span> weiterlesen <span class=\"meta-nav\">&rarr;<\/span><\/a><\/p>\n","protected":false},"author":1,"featured_media":0,"parent":0,"menu_order":0,"comment_status":"closed","ping_status":"closed","template":"","meta":{"footnotes":""},"class_list":["post-18","page","type-page","status-publish","hentry"],"_links":{"self":[{"href":"https:\/\/www.sara-berger.com\/index.php?rest_route=\/wp\/v2\/pages\/18","targetHints":{"allow":["GET"]}}],"collection":[{"href":"https:\/\/www.sara-berger.com\/index.php?rest_route=\/wp\/v2\/pages"}],"about":[{"href":"https:\/\/www.sara-berger.com\/index.php?rest_route=\/wp\/v2\/types\/page"}],"author":[{"embeddable":true,"href":"https:\/\/www.sara-berger.com\/index.php?rest_route=\/wp\/v2\/users\/1"}],"replies":[{"embeddable":true,"href":"https:\/\/www.sara-berger.com\/index.php?rest_route=%2Fwp%2Fv2%2Fcomments&post=18"}],"version-history":[{"count":7,"href":"https:\/\/www.sara-berger.com\/index.php?rest_route=\/wp\/v2\/pages\/18\/revisions"}],"predecessor-version":[{"id":741,"href":"https:\/\/www.sara-berger.com\/index.php?rest_route=\/wp\/v2\/pages\/18\/revisions\/741"}],"wp:attachment":[{"href":"https:\/\/www.sara-berger.com\/index.php?rest_route=%2Fwp%2Fv2%2Fmedia&parent=18"}],"curies":[{"name":"wp","href":"https:\/\/api.w.org\/{rel}","templated":true}]}}